{"id":427,"date":"2026-01-09T19:01:15","date_gmt":"2026-01-09T19:01:15","guid":{"rendered":"https:\/\/www.agirpourdon-2026.fr\/?page_id=427"},"modified":"2026-01-09T19:18:24","modified_gmt":"2026-01-09T19:18:24","slug":"accueil-agpd","status":"publish","type":"page","link":"https:\/\/www.agirpourdon-2026.fr\/","title":{"rendered":"Accueil AGPD"},"content":{"rendered":"\t\t<div data-elementor-type=\"wp-page\" data-elementor-id=\"427\" class=\"elementor elementor-427\" data-elementor-post-type=\"page\">\n\t\t\t\t<div class=\"elementor-element elementor-element-04060be e-flex e-con-boxed e-con e-parent\" data-id=\"04060be\" data-element_type=\"container\">\n\t\t\t\t\t<div class=\"e-con-inner\">\n\t\t\t\t<div class=\"elementor-element elementor-element-b27d4f1 elementor-widget elementor-widget-image\" data-id=\"b27d4f1\" data-element_type=\"widget\" data-widget_type=\"image.default\">\n\t\t\t\t\t\t\t\t\t\t\t\t\t\t\t<img fetchpriority=\"high\" decoding=\"async\" width=\"800\" height=\"938\" src=\"https:\/\/www.agirpourdon-2026.fr\/wp-content\/uploads\/2026\/01\/LAURENT_WEB_TEXTE-873x1024.jpg\" class=\"attachment-large size-large wp-image-438\" alt=\"\" srcset=\"https:\/\/www.agirpourdon-2026.fr\/wp-content\/uploads\/2026\/01\/LAURENT_WEB_TEXTE-873x1024.jpg 873w, https:\/\/www.agirpourdon-2026.fr\/wp-content\/uploads\/2026\/01\/LAURENT_WEB_TEXTE-256x300.jpg 256w, https:\/\/www.agirpourdon-2026.fr\/wp-content\/uploads\/2026\/01\/LAURENT_WEB_TEXTE-768x900.jpg 768w, https:\/\/www.agirpourdon-2026.fr\/wp-content\/uploads\/2026\/01\/LAURENT_WEB_TEXTE-1310x1536.jpg 1310w, https:\/\/www.agirpourdon-2026.fr\/wp-content\/uploads\/2026\/01\/LAURENT_WEB_TEXTE-1747x2048.jpg 1747w, https:\/\/www.agirpourdon-2026.fr\/wp-content\/uploads\/2026\/01\/LAURENT_WEB_TEXTE.jpg 2000w\" sizes=\"(max-width: 800px) 100vw, 800px\" \/>\t\t\t\t\t\t\t\t\t\t\t\t\t\t\t<\/div>\n\t\t\t\t<div class=\"elementor-element elementor-element-769256f elementor-widget elementor-widget-spacer\" data-id=\"769256f\" data-element_type=\"widget\" data-widget_type=\"spacer.default\">\n\t\t\t\t\t\t\t<div class=\"elementor-spacer\">\n\t\t\t<div class=\"elementor-spacer-inner\"><\/div>\n\t\t<\/div>\n\t\t\t\t\t\t<\/div>\n\t\t<div class=\"elementor-element elementor-element-3add982 e-con-full e-flex e-con e-child\" data-id=\"3add982\" data-element_type=\"container\">\n\t\t\t\t<\/div>\n\t\t\t\t<div class=\"elementor-element elementor-element-13c1116 elementor-widget__width-initial elementor-widget elementor-widget-text-editor\" data-id=\"13c1116\" data-element_type=\"widget\" data-widget_type=\"text-editor.default\">\n\t\t\t\t\t\t\t\t\t<p><b>Chers Donoises, Chers Donois,<\/b><\/p>\n<p>Depuis six ans, j&rsquo;ai l&rsquo;honneur d&rsquo;exercer les fonctions de maire adjoint, un r\u00f4le qui m&rsquo;a permis d&rsquo;acqu\u00e9rir une exp\u00e9rience pr\u00e9cieuse et d&rsquo;approfondir ma compr\u00e9hension des responsabilit\u00e9s inh\u00e9rentes \u00e0 cette fonction, tout comme celles du premier magistrat. Ces ann\u00e9es ont \u00e9t\u00e9 marqu\u00e9es par un contact direct avec la r\u00e9alit\u00e9 de l&rsquo;engagement public, les contraintes qui en r\u00e9sultent et les d\u00e9cisions parfois cruciales qui s&rsquo;imposent.<\/p>\n<p>Ma principale motivation est de servir notre communaut\u00e9, comme vous avez pu le constater au fil des ans. Je souhaite perp\u00e9tuer l&rsquo;engagement de nos pr\u00e9d\u00e9cesseurs qui ont, depuis 1948, fa\u00e7onn\u00e9 notre petit hameau en une belle commune. \u00c0 leur image, je m&rsquo;engage par passion pour notre village, avec l&rsquo;ambition de contribuer activement \u00e0 son d\u00e9veloppement. Mon objectif est de jouer un r\u00f4le d\u00e9terminant dans l&rsquo;am\u00e9lioration de notre qualit\u00e9 de vie, \u00e0 travers la mise en \u0153uvre de projets concrets, respectueux de nos finances et align\u00e9s \u00e0 nos besoins. Il est imp\u00e9ratif d&rsquo;adopter des d\u00e9cisions strat\u00e9giques, r\u00e9alistes et finan\u00e7ables pour notre avenir commun.<\/p>\n<p>Mon ambition est de devenir un maire qui influence et p\u00e8se sur les d\u00e9cisions affectant notre quotidien, qu&rsquo;il s&rsquo;agisse d&rsquo;\u00e9ducation, d&rsquo;urbanisme, de s\u00e9curit\u00e9 et d&rsquo;environnement. D\u2019\u00eatre le porte-parole des pr\u00e9occupations de chacun d&rsquo;entre vous et d\u2019agir en cons\u00e9quence. Mes convictions et mes id\u00e9es contribueront activement \u00e0 l&rsquo;\u00e9volution de notre village.<\/p>\n<p>Devenir maire repr\u00e9sente une opportunit\u00e9 unique d&rsquo;apporter des changements significatifs, que ce soit en favorisant le d\u00e9veloppement \u00e9conomique, en am\u00e9liorant nos infrastructures ou en promouvant le bien-\u00eatre social ; mon r\u00f4le sera de garantir des avanc\u00e9es concr\u00e8tes et positives. Si\u00e9ger au sein de la M\u00e9tropole Europ\u00e9enne de Lille (MEL) me permettra de d\u00e9fendre \u00e9galement nos int\u00e9r\u00eats communaux, sans oublier nos partenaires r\u00e9gionaux et nationaux !<\/p>\n<p>Aujourd&rsquo;hui, alors que nous faisons face \u00e0 des d\u00e9fis sans pr\u00e9c\u00e9dent, exacerb\u00e9s par une s\u00e9rie de crises depuis 2020, je tiens \u00e0 vous faire part de ma volont\u00e9 de m&rsquo;affirmer face aux craintes budg\u00e9taires qui menacent d&rsquo;impacter nos vies. C&rsquo;est pr\u00e9cis\u00e9ment dans ces moments d&rsquo;adversit\u00e9 que l&rsquo;audace doit nous guider.<\/p>\n<p>Alors, osons ensemble, avec toute l&rsquo;\u00e9quipe qui m&rsquo;entoure et qui me t\u00e9moigne sa confiance. Prochainement, je vous pr\u00e9senterai ce groupe solide, dynamique, paritaire et investi, en phase avec nos attentes communes.<\/p>\n<p>Pour l\u2019avenir de Don, unissons nos forces et engageons-nous.<\/p>\n<p>Soyez convaincus de ma volont\u00e9 d\u2019agir pour tous !<\/p>\n<p>Respectueusement,<\/p>\n<p><strong>Laurent GAYOU <\/strong><\/p>\n<p><strong>Candidat \u00e0 la mairie de Don<\/strong><\/p>\t\t\t\t\t\t\t\t<\/div>\n\t\t\t\t\t<\/div>\n\t\t\t\t<\/div>\n\t\t\t\t<\/div>\n\t\t","protected":false},"excerpt":{"rendered":"<p>Chers Donoises, Chers Donois, Depuis six ans, j&rsquo;ai l&rsquo;honneur d&rsquo;exercer les fonctions de maire adjoint, un r\u00f4le qui m&rsquo;a permis d&rsquo;acqu\u00e9rir une exp\u00e9rience pr\u00e9cieuse et d&rsquo;approfondir ma compr\u00e9hension des responsabilit\u00e9s inh\u00e9rentes \u00e0 cette fonction, tout comme celles du premier magistrat. Ces ann\u00e9es ont \u00e9t\u00e9 marqu\u00e9es par un contact direct avec la r\u00e9alit\u00e9 de l&rsquo;engagement public, [&hellip;]<\/p>\n","protected":false},"author":1,"featured_media":0,"parent":0,"menu_order":0,"comment_status":"closed","ping_status":"closed","template":"elementor_header_footer","meta":{"footnotes":""},"class_list":["post-427","page","type-page","status-publish","hentry"],"_links":{"self":[{"href":"https:\/\/www.agirpourdon-2026.fr\/index.php\/wp-json\/wp\/v2\/pages\/427","targetHints":{"allow":["GET"]}}],"collection":[{"href":"https:\/\/www.agirpourdon-2026.fr\/index.php\/wp-json\/wp\/v2\/pages"}],"about":[{"href":"https:\/\/www.agirpourdon-2026.fr\/index.php\/wp-json\/wp\/v2\/types\/page"}],"author":[{"embeddable":true,"href":"https:\/\/www.agirpourdon-2026.fr\/index.php\/wp-json\/wp\/v2\/users\/1"}],"replies":[{"embeddable":true,"href":"https:\/\/www.agirpourdon-2026.fr\/index.php\/wp-json\/wp\/v2\/comments?post=427"}],"version-history":[{"count":10,"href":"https:\/\/www.agirpourdon-2026.fr\/index.php\/wp-json\/wp\/v2\/pages\/427\/revisions"}],"predecessor-version":[{"id":448,"href":"https:\/\/www.agirpourdon-2026.fr\/index.php\/wp-json\/wp\/v2\/pages\/427\/revisions\/448"}],"wp:attachment":[{"href":"https:\/\/www.agirpourdon-2026.fr\/index.php\/wp-json\/wp\/v2\/media?parent=427"}],"curies":[{"name":"wp","href":"https:\/\/api.w.org\/{rel}","templated":true}]}}